{"id":17,"date":"2020-05-22T17:33:11","date_gmt":"2020-05-22T17:33:11","guid":{"rendered":"https:\/\/progreseed.com.br\/?page_id=17"},"modified":"2020-06-17T14:54:15","modified_gmt":"2020-06-17T14:54:15","slug":"retratacao","status":"publish","type":"page","link":"https:\/\/progreseed.com.br\/es\/retratacao\/","title":{"rendered":"descargo de responsabilidad"},"content":{"rendered":"<div data-elementor-type=\"wp-page\" data-elementor-id=\"17\" class=\"elementor elementor-17\" data-elementor-post-type=\"page\">\n\t\t\t\t\t\t<section class=\"elementor-section elementor-top-section elementor-element elementor-element-3061e756 elementor-section-height-min-height elementor-section-boxed elementor-section-height-default elementor-section-items-middle\" data-id=\"3061e756\" data-element_type=\"section\" data-e-type=\"section\" data-settings=\"{&quot;background_background&quot;:&quot;classic&quot;}\">\n\t\t\t\t\t\t\t<div class=\"elementor-background-overlay\"><\/div>\n\t\t\t\t\t\t\t<div class=\"elementor-container elementor-column-gap-default\">\n\t\t\t\t\t<div class=\"elementor-column elementor-col-33 elementor-top-column elementor-element elementor-element-1f15beba\" data-id=\"1f15beba\" data-element_type=\"column\" data-e-type=\"column\">\n\t\t\t<div class=\"elementor-widget-wrap elementor-element-populated\">\n\t\t\t\t\t\t<div class=\"elementor-element elementor-element-595a149c elementor-widget-divider--view-line elementor-widget elementor-widget-divider\" data-id=\"595a149c\" data-element_type=\"widget\" data-e-type=\"widget\" data-widget_type=\"divider.default\">\n\t\t\t\t<div class=\"elementor-widget-container\">\n\t\t\t\t\t\t\t<div class=\"elementor-divider\">\n\t\t\t<span class=\"elementor-divider-separator\">\n\t\t\t\t\t\t<\/span>\n\t\t<\/div>\n\t\t\t\t\t\t<\/div>\n\t\t\t\t<\/div>\n\t\t\t\t\t<\/div>\n\t\t<\/div>\n\t\t\t\t<div class=\"elementor-column elementor-col-33 elementor-top-column elementor-element elementor-element-24db4993\" data-id=\"24db4993\" data-element_type=\"column\" data-e-type=\"column\">\n\t\t\t<div class=\"elementor-widget-wrap elementor-element-populated\">\n\t\t\t\t\t\t<div class=\"elementor-element elementor-element-7f28ae3f elementor-widget elementor-widget-heading\" data-id=\"7f28ae3f\" data-element_type=\"widget\" data-e-type=\"widget\" data-widget_type=\"heading.default\">\n\t\t\t\t<div class=\"elementor-widget-container\">\n\t\t\t\t\t<h2 class=\"elementor-heading-title elementor-size-default\">Descargo de reponsabilidad<\/h2>\t\t\t\t<\/div>\n\t\t\t\t<\/div>\n\t\t\t\t\t<\/div>\n\t\t<\/div>\n\t\t\t\t<div class=\"elementor-column elementor-col-33 elementor-top-column elementor-element elementor-element-73362fa4\" data-id=\"73362fa4\" data-element_type=\"column\" data-e-type=\"column\">\n\t\t\t<div class=\"elementor-widget-wrap elementor-element-populated\">\n\t\t\t\t\t\t<div class=\"elementor-element elementor-element-3f40a2a4 elementor-widget-divider--view-line elementor-widget elementor-widget-divider\" data-id=\"3f40a2a4\" data-element_type=\"widget\" data-e-type=\"widget\" data-widget_type=\"divider.default\">\n\t\t\t\t<div class=\"elementor-widget-container\">\n\t\t\t\t\t\t\t<div class=\"elementor-divider\">\n\t\t\t<span class=\"elementor-divider-separator\">\n\t\t\t\t\t\t<\/span>\n\t\t<\/div>\n\t\t\t\t\t\t<\/div>\n\t\t\t\t<\/div>\n\t\t\t\t\t<\/div>\n\t\t<\/div>\n\t\t\t\t\t<\/div>\n\t\t<\/section>\n\t\t\t\t<section class=\"elementor-section elementor-top-section elementor-element elementor-element-6eda16b elementor-section-boxed elementor-section-height-default elementor-section-height-default elementor-invisible\" data-id=\"6eda16b\" data-element_type=\"section\" data-e-type=\"section\" data-settings=\"{&quot;animation&quot;:&quot;fadeIn&quot;}\">\n\t\t\t\t\t\t<div class=\"elementor-container elementor-column-gap-default\">\n\t\t\t\t\t<div class=\"elementor-column elementor-col-100 elementor-top-column elementor-element elementor-element-68cab53\" data-id=\"68cab53\" data-element_type=\"column\" data-e-type=\"column\">\n\t\t\t<div class=\"elementor-widget-wrap elementor-element-populated\">\n\t\t\t\t\t\t<div class=\"elementor-element elementor-element-b528816 elementor-widget elementor-widget-text-editor\" data-id=\"b528816\" data-element_type=\"widget\" data-e-type=\"widget\" data-widget_type=\"text-editor.default\">\n\t\t\t\t<div class=\"elementor-widget-container\">\n\t\t\t\t\t\t\t\t\t<p><span style=\"font-weight: 400;\">Este sitio web tiene como proposito ofrecer a personas interesadas opiniones y interpretaciones de conocimientos t\u00e9cnicos y cient\u00edficos, tanto p\u00fablicos como personales, con la esperanza de que contribuyan a la explotaci\u00f3n sostenible de los sistemas de producci\u00f3n agr\u00edcola. Teniendo en cuenta el r\u00e1pido y permanente avances del conocimiento y el hecho de que parte de la informaci\u00f3n aqu\u00ed mencionada proviene de otros autores, la persona responsable de este sitio web no garantiza ni asegura la precisi\u00f3n, exhaustividad, integridad y exactitud de tal informacion, ni su utilidad para el logro de cualquier objetivo; por estas razones, tampoco es responsable por eventuales p\u00e9rdidas, da\u00f1os, costos o gastos que resulten para cualquier persona que las utilizen<\/span><\/p>\n<p><span style=\"font-weight: 400;\">El responsable por este sitio recomienda que las partes interesadas consulten fuentes citadas en los textos proporcionados en este sitio web para que obtengan informaciones detalladas y hagan sus propias interpretaciones antes de utilizar las sugerencias t\u00e9cnicas aqu\u00ed proporcionadas.<\/span><\/p>\t\t\t\t\t\t\t\t<\/div>\n\t\t\t\t<\/div>\n\t\t\t\t\t<\/div>\n\t\t<\/div>\n\t\t\t\t\t<\/div>\n\t\t<\/section>\n\t\t\t\t<\/div>","protected":false},"excerpt":{"rendered":"<p>Retrata\u00e7\u00e3o Este website tem como prop\u00f3sito oferecer, \u00e0s pessoas interessadas, opini\u00f5es e interpreta\u00e7\u00f5es de conhecimentos t\u00e9cnicos e cient\u00edficos, p\u00fablicos e pessoais, na expectativa de que contribuam \u00e0 explora\u00e7\u00e3o sustent\u00e1vel de sistemas de produ\u00e7\u00e3o agr\u00edcolas. Considerando-se o r\u00e1pido e permanente avan\u00e7o do conhecimento e o fato de que algumas informa\u00e7\u00f5es aqui mencionadas tem como origem outros [&hellip;]<\/p>\n","protected":false},"author":1,"featured_media":0,"parent":0,"menu_order":0,"comment_status":"closed","ping_status":"closed","template":"","meta":{"_editorskit_title_hidden":false,"_editorskit_reading_time":0,"_editorskit_is_block_options_detached":false,"_editorskit_block_options_position":"{}","footnotes":""},"class_list":["post-17","page","type-page","status-publish","hentry"],"yoast_head":"<!-- This site is optimized with the Yoast SEO plugin v27.4 - https:\/\/yoast.com\/product\/yoast-seo-wordpress\/ -->\n<title>retrata\u00e7\u00e3o - Progreseed<\/title>\n<meta name=\"robots\" content=\"index, follow, max-snippet:-1, max-image-preview:large, max-video-preview:-1\" \/>\n<link rel=\"canonical\" href=\"https:\/\/progreseed.com.br\/es\/retratacao\/\" \/>\n<meta property=\"og:locale\" content=\"es_ES\" \/>\n<meta property=\"og:type\" content=\"article\" \/>\n<meta property=\"og:title\" content=\"retrata\u00e7\u00e3o - Progreseed\" \/>\n<meta property=\"og:description\" content=\"Retrata\u00e7\u00e3o Este website tem como prop\u00f3sito oferecer, \u00e0s pessoas interessadas, opini\u00f5es e interpreta\u00e7\u00f5es de conhecimentos t\u00e9cnicos e cient\u00edficos, p\u00fablicos e pessoais, na expectativa de que contribuam \u00e0 explora\u00e7\u00e3o sustent\u00e1vel de sistemas de produ\u00e7\u00e3o agr\u00edcolas. Considerando-se o r\u00e1pido e permanente avan\u00e7o do conhecimento e o fato de que algumas informa\u00e7\u00f5es aqui mencionadas tem como origem outros [&hellip;]\" \/>\n<meta property=\"og:url\" content=\"https:\/\/progreseed.com.br\/es\/retratacao\/\" \/>\n<meta property=\"og:site_name\" content=\"Progreseed\" \/>\n<meta property=\"article:modified_time\" content=\"2020-06-17T14:54:15+00:00\" \/>\n<meta name=\"twitter:card\" content=\"summary_large_image\" \/>\n<meta name=\"twitter:label1\" content=\"Tiempo de lectura\" \/>\n\t<meta name=\"twitter:data1\" content=\"1 minuto\" \/>\n<script type=\"application\/ld+json\" class=\"yoast-schema-graph\">{\"@context\":\"https:\\\/\\\/schema.org\",\"@graph\":[{\"@type\":\"WebPage\",\"@id\":\"https:\\\/\\\/progreseed.com.br\\\/retratacao\\\/\",\"url\":\"https:\\\/\\\/progreseed.com.br\\\/retratacao\\\/\",\"name\":\"retrata\u00e7\u00e3o - Progreseed\",\"isPartOf\":{\"@id\":\"https:\\\/\\\/progreseed.com.br\\\/#website\"},\"datePublished\":\"2020-05-22T17:33:11+00:00\",\"dateModified\":\"2020-06-17T14:54:15+00:00\",\"breadcrumb\":{\"@id\":\"https:\\\/\\\/progreseed.com.br\\\/retratacao\\\/#breadcrumb\"},\"inLanguage\":\"es\",\"potentialAction\":[{\"@type\":\"ReadAction\",\"target\":[\"https:\\\/\\\/progreseed.com.br\\\/retratacao\\\/\"]}]},{\"@type\":\"BreadcrumbList\",\"@id\":\"https:\\\/\\\/progreseed.com.br\\\/retratacao\\\/#breadcrumb\",\"itemListElement\":[{\"@type\":\"ListItem\",\"position\":1,\"name\":\"In\u00edcio\",\"item\":\"https:\\\/\\\/progreseed.com.br\\\/\"},{\"@type\":\"ListItem\",\"position\":2,\"name\":\"retrata\u00e7\u00e3o\"}]},{\"@type\":\"WebSite\",\"@id\":\"https:\\\/\\\/progreseed.com.br\\\/#website\",\"url\":\"https:\\\/\\\/progreseed.com.br\\\/\",\"name\":\"Progreseed\",\"description\":\"Progreseed\",\"potentialAction\":[{\"@type\":\"SearchAction\",\"target\":{\"@type\":\"EntryPoint\",\"urlTemplate\":\"https:\\\/\\\/progreseed.com.br\\\/?s={search_term_string}\"},\"query-input\":{\"@type\":\"PropertyValueSpecification\",\"valueRequired\":true,\"valueName\":\"search_term_string\"}}],\"inLanguage\":\"es\"}]}<\/script>\n<!-- \/ Yoast SEO plugin. -->","yoast_head_json":{"title":"retrata\u00e7\u00e3o - Progreseed","robots":{"index":"index","follow":"follow","max-snippet":"max-snippet:-1","max-image-preview":"max-image-preview:large","max-video-preview":"max-video-preview:-1"},"canonical":"https:\/\/progreseed.com.br\/es\/retratacao\/","og_locale":"es_ES","og_type":"article","og_title":"retrata\u00e7\u00e3o - Progreseed","og_description":"Retrata\u00e7\u00e3o Este website tem como prop\u00f3sito oferecer, \u00e0s pessoas interessadas, opini\u00f5es e interpreta\u00e7\u00f5es de conhecimentos t\u00e9cnicos e cient\u00edficos, p\u00fablicos e pessoais, na expectativa de que contribuam \u00e0 explora\u00e7\u00e3o sustent\u00e1vel de sistemas de produ\u00e7\u00e3o agr\u00edcolas. Considerando-se o r\u00e1pido e permanente avan\u00e7o do conhecimento e o fato de que algumas informa\u00e7\u00f5es aqui mencionadas tem como origem outros [&hellip;]","og_url":"https:\/\/progreseed.com.br\/es\/retratacao\/","og_site_name":"Progreseed","article_modified_time":"2020-06-17T14:54:15+00:00","twitter_card":"summary_large_image","twitter_misc":{"Tiempo de lectura":"1 minuto"},"schema":{"@context":"https:\/\/schema.org","@graph":[{"@type":"WebPage","@id":"https:\/\/progreseed.com.br\/retratacao\/","url":"https:\/\/progreseed.com.br\/retratacao\/","name":"retrata\u00e7\u00e3o - Progreseed","isPartOf":{"@id":"https:\/\/progreseed.com.br\/#website"},"datePublished":"2020-05-22T17:33:11+00:00","dateModified":"2020-06-17T14:54:15+00:00","breadcrumb":{"@id":"https:\/\/progreseed.com.br\/retratacao\/#breadcrumb"},"inLanguage":"es","potentialAction":[{"@type":"ReadAction","target":["https:\/\/progreseed.com.br\/retratacao\/"]}]},{"@type":"BreadcrumbList","@id":"https:\/\/progreseed.com.br\/retratacao\/#breadcrumb","itemListElement":[{"@type":"ListItem","position":1,"name":"In\u00edcio","item":"https:\/\/progreseed.com.br\/"},{"@type":"ListItem","position":2,"name":"retrata\u00e7\u00e3o"}]},{"@type":"WebSite","@id":"https:\/\/progreseed.com.br\/#website","url":"https:\/\/progreseed.com.br\/","name":"Progreseed","description":"Progreseed","potentialAction":[{"@type":"SearchAction","target":{"@type":"EntryPoint","urlTemplate":"https:\/\/progreseed.com.br\/?s={search_term_string}"},"query-input":{"@type":"PropertyValueSpecification","valueRequired":true,"valueName":"search_term_string"}}],"inLanguage":"es"}]}},"_links":{"self":[{"href":"https:\/\/progreseed.com.br\/es\/wp-json\/wp\/v2\/pages\/17","targetHints":{"allow":["GET"]}}],"collection":[{"href":"https:\/\/progreseed.com.br\/es\/wp-json\/wp\/v2\/pages"}],"about":[{"href":"https:\/\/progreseed.com.br\/es\/wp-json\/wp\/v2\/types\/page"}],"author":[{"embeddable":true,"href":"https:\/\/progreseed.com.br\/es\/wp-json\/wp\/v2\/users\/1"}],"replies":[{"embeddable":true,"href":"https:\/\/progreseed.com.br\/es\/wp-json\/wp\/v2\/comments?post=17"}],"version-history":[{"count":8,"href":"https:\/\/progreseed.com.br\/es\/wp-json\/wp\/v2\/pages\/17\/revisions"}],"predecessor-version":[{"id":497,"href":"https:\/\/progreseed.com.br\/es\/wp-json\/wp\/v2\/pages\/17\/revisions\/497"}],"wp:attachment":[{"href":"https:\/\/progreseed.com.br\/es\/wp-json\/wp\/v2\/media?parent=17"}],"curies":[{"name":"wp","href":"https:\/\/api.w.org\/{rel}","templated":true}]}}