{"id":15,"date":"2020-05-22T17:32:42","date_gmt":"2020-05-22T17:32:42","guid":{"rendered":"https:\/\/progreseed.com.br\/?page_id=15"},"modified":"2020-06-17T15:05:30","modified_gmt":"2020-06-17T15:05:30","slug":"quem-sou","status":"publish","type":"page","link":"https:\/\/progreseed.com.br\/es\/quem-sou\/","title":{"rendered":"quien soy"},"content":{"rendered":"<div data-elementor-type=\"wp-page\" data-elementor-id=\"15\" class=\"elementor elementor-15\" data-elementor-post-type=\"page\">\n\t\t\t\t\t\t<section class=\"elementor-section elementor-top-section elementor-element elementor-element-4d95a0db elementor-section-height-min-height elementor-section-boxed elementor-section-height-default elementor-section-items-middle\" data-id=\"4d95a0db\" data-element_type=\"section\" data-e-type=\"section\" data-settings=\"{&quot;background_background&quot;:&quot;classic&quot;}\">\n\t\t\t\t\t\t\t<div class=\"elementor-background-overlay\"><\/div>\n\t\t\t\t\t\t\t<div class=\"elementor-container elementor-column-gap-default\">\n\t\t\t\t\t<div class=\"elementor-column elementor-col-33 elementor-top-column elementor-element elementor-element-18e6f22d\" data-id=\"18e6f22d\" data-element_type=\"column\" data-e-type=\"column\">\n\t\t\t<div class=\"elementor-widget-wrap elementor-element-populated\">\n\t\t\t\t\t\t<div class=\"elementor-element elementor-element-42a0a5b3 elementor-widget-divider--view-line elementor-widget elementor-widget-divider\" data-id=\"42a0a5b3\" data-element_type=\"widget\" data-e-type=\"widget\" data-widget_type=\"divider.default\">\n\t\t\t\t<div class=\"elementor-widget-container\">\n\t\t\t\t\t\t\t<div class=\"elementor-divider\">\n\t\t\t<span class=\"elementor-divider-separator\">\n\t\t\t\t\t\t<\/span>\n\t\t<\/div>\n\t\t\t\t\t\t<\/div>\n\t\t\t\t<\/div>\n\t\t\t\t\t<\/div>\n\t\t<\/div>\n\t\t\t\t<div class=\"elementor-column elementor-col-33 elementor-top-column elementor-element elementor-element-472fcd1d\" data-id=\"472fcd1d\" data-element_type=\"column\" data-e-type=\"column\">\n\t\t\t<div class=\"elementor-widget-wrap elementor-element-populated\">\n\t\t\t\t\t\t<div class=\"elementor-element elementor-element-38392cc7 elementor-widget elementor-widget-heading\" data-id=\"38392cc7\" data-element_type=\"widget\" data-e-type=\"widget\" data-widget_type=\"heading.default\">\n\t\t\t\t<div class=\"elementor-widget-container\">\n\t\t\t\t\t<h2 class=\"elementor-heading-title elementor-size-default\">Quien soy<\/h2>\t\t\t\t<\/div>\n\t\t\t\t<\/div>\n\t\t\t\t\t<\/div>\n\t\t<\/div>\n\t\t\t\t<div class=\"elementor-column elementor-col-33 elementor-top-column elementor-element elementor-element-463b4a1c\" data-id=\"463b4a1c\" data-element_type=\"column\" data-e-type=\"column\">\n\t\t\t<div class=\"elementor-widget-wrap elementor-element-populated\">\n\t\t\t\t\t\t<div class=\"elementor-element elementor-element-3f5a0eca elementor-widget-divider--view-line elementor-widget elementor-widget-divider\" data-id=\"3f5a0eca\" data-element_type=\"widget\" data-e-type=\"widget\" data-widget_type=\"divider.default\">\n\t\t\t\t<div class=\"elementor-widget-container\">\n\t\t\t\t\t\t\t<div class=\"elementor-divider\">\n\t\t\t<span class=\"elementor-divider-separator\">\n\t\t\t\t\t\t<\/span>\n\t\t<\/div>\n\t\t\t\t\t\t<\/div>\n\t\t\t\t<\/div>\n\t\t\t\t\t<\/div>\n\t\t<\/div>\n\t\t\t\t\t<\/div>\n\t\t<\/section>\n\t\t\t\t<section class=\"elementor-section elementor-top-section elementor-element elementor-element-79f24e0 elementor-section-boxed elementor-section-height-default elementor-section-height-default elementor-invisible\" data-id=\"79f24e0\" data-element_type=\"section\" data-e-type=\"section\" data-settings=\"{&quot;background_background&quot;:&quot;classic&quot;,&quot;animation&quot;:&quot;fadeIn&quot;}\">\n\t\t\t\t\t\t<div class=\"elementor-container elementor-column-gap-default\">\n\t\t\t\t\t<div class=\"elementor-column elementor-col-50 elementor-top-column elementor-element elementor-element-ccda1f6\" data-id=\"ccda1f6\" data-element_type=\"column\" data-e-type=\"column\">\n\t\t\t<div class=\"elementor-widget-wrap elementor-element-populated\">\n\t\t\t\t\t\t<div class=\"elementor-element elementor-element-3bc53c3 elementor-widget elementor-widget-text-editor\" data-id=\"3bc53c3\" data-element_type=\"widget\" data-e-type=\"widget\" data-widget_type=\"text-editor.default\">\n\t\t\t\t<div class=\"elementor-widget-container\">\n\t\t\t\t\t\t\t\t\t<p>Mi nombre es Francisco H. D\u00fcbbern de Souza. Me gradu\u00e9 en Ingenier\u00eda Agron\u00f3mica\nen 1974 de la Escuela de Agricultura Luiz de Queir\u00f3z \/ Universidad de S\u00e3o Paulo\n(ESALQ \/ USP) en Piracicaba (SP), Brasil, obtuve t\u00edtulo de Master of Science in\nCrop Science en 1977 en la Oregon State University en Corvallis (OR), Estados\nUnidos de Am\u00e9rica y de Doctor en Fitotecnia en ESALQ \/ USP (1992).<\/p>\n<p>Contratado por EMBRAPA \u2013 Empresa Brasile\u00f1a de Investigaci\u00f3n Agropecuaria,\nentre 1978 y 1999 estuve ubicado en Embrapa Ganado de Corte en Campo Grande\n(MS), Brasil, y entre 2000 y 2019 en Embrapa Ganaderia Sudeste en S\u00e3o Carlos (SP),\nBrasil. En estas instituciones, realic\u00e9 investigaciones sobre producci\u00f3n y tecnolog\u00eda\nde semillas de plantas forrajeras y sobre este tema present\u00e9 numerosas conferencias y\nvarios cursos dirigidos a productores, t\u00e9cnicos, representantes de ventas y estudiantes,\nincluso en algunos pa\u00edses de Am\u00e9rica Latina. En Embrapa Ganaderia Sudeste, entre\n2008 y 2012 trabaj\u00e9 tambi\u00e9n como Articulador Internacional. En 2003, EMBRAPA\nme otorg\u00f3 el Premio por Excelencia - Categor\u00eda Destaque Individual. Particip\u00e9 en\nproyectos para el desarrollo de nuevas cultivares de plantas forrajeras y, entre 2010 y\n2018, dirig\u00ed un proyecto para el desarrollo de nuevas cultivares de especies de\ngramineas nativas para utilizaci\u00f3n como c\u00e9sped que result\u00f3 en el registro de cinco\ncultivares junto al RNC \/ Ministerio de Agricultura, Ganader\u00eda y Abastecimiento de\nBrasil. Edit\u00e9 dos libros y publiqu\u00e9 varios cap\u00edtulos de libros y trabajos cient\u00edficos y\nt\u00e9cnicos. En septiembre \/ 2019 dej\u00e9 EMBRAPA.<br><\/p>\n<p>En resumen, tengo experiencia en las \u00e1reas de Agronom\u00eda \/ Fitotecnia, con \u00e9nfasis en\nla Producci\u00f3n y Tecnologia de Semillas, habiendo trabajado principalmente en los\nsiguientes temas: forraje tropical, formaci\u00f3n de pastos, c\u00e9spedes y producci\u00f3n de\nsemillas.<\/p>\t\t\t\t\t\t\t\t<\/div>\n\t\t\t\t<\/div>\n\t\t\t\t\t<\/div>\n\t\t<\/div>\n\t\t\t\t<div class=\"elementor-column elementor-col-50 elementor-top-column elementor-element elementor-element-4a3f19f\" data-id=\"4a3f19f\" data-element_type=\"column\" data-e-type=\"column\" data-settings=\"{&quot;background_background&quot;:&quot;classic&quot;}\">\n\t\t\t<div class=\"elementor-widget-wrap elementor-element-populated\">\n\t\t\t\t\t\t<section class=\"elementor-section elementor-inner-section elementor-element elementor-element-cac3802 elementor-section-boxed elementor-section-height-default elementor-section-height-default\" data-id=\"cac3802\" data-element_type=\"section\" data-e-type=\"section\">\n\t\t\t\t\t\t<div class=\"elementor-container elementor-column-gap-default\">\n\t\t\t\t\t<div class=\"elementor-column elementor-col-100 elementor-inner-column elementor-element elementor-element-fc90772\" data-id=\"fc90772\" data-element_type=\"column\" data-e-type=\"column\" data-settings=\"{&quot;background_background&quot;:&quot;classic&quot;}\">\n\t\t\t<div class=\"elementor-widget-wrap elementor-element-populated\">\n\t\t\t\t\t\t<div class=\"elementor-element elementor-element-096fc2a elementor-widget elementor-widget-image\" data-id=\"096fc2a\" data-element_type=\"widget\" data-e-type=\"widget\" data-widget_type=\"image.default\">\n\t\t\t\t<div class=\"elementor-widget-container\">\n\t\t\t\t\t\t\t\t\t\t\t\t\t\t\t<img fetchpriority=\"high\" decoding=\"async\" width=\"954\" height=\"1696\" src=\"https:\/\/progreseed.com.br\/wp-content\/uploads\/2020\/05\/FOTO-3-e1590679518846.jpg\" class=\"attachment-full size-full wp-image-176\" alt=\"\" srcset=\"https:\/\/progreseed.com.br\/wp-content\/uploads\/2020\/05\/FOTO-3-e1590679518846.jpg 954w, https:\/\/progreseed.com.br\/wp-content\/uploads\/2020\/05\/FOTO-3-e1590679518846-169x300.jpg 169w, https:\/\/progreseed.com.br\/wp-content\/uploads\/2020\/05\/FOTO-3-e1590679518846-576x1024.jpg 576w, https:\/\/progreseed.com.br\/wp-content\/uploads\/2020\/05\/FOTO-3-e1590679518846-768x1365.jpg 768w, https:\/\/progreseed.com.br\/wp-content\/uploads\/2020\/05\/FOTO-3-e1590679518846-864x1536.jpg 864w\" sizes=\"(max-width: 954px) 100vw, 954px\" \/>\t\t\t\t\t\t\t\t\t\t\t\t\t\t\t<\/div>\n\t\t\t\t<\/div>\n\t\t\t\t<div class=\"elementor-element elementor-element-f1845ea elementor-widget elementor-widget-heading\" data-id=\"f1845ea\" data-element_type=\"widget\" data-e-type=\"widget\" data-widget_type=\"heading.default\">\n\t\t\t\t<div class=\"elementor-widget-container\">\n\t\t\t\t\t<h3 class=\"elementor-heading-title elementor-size-default\">Francisco D\u00fcbbern de Souza<\/h3>\t\t\t\t<\/div>\n\t\t\t\t<\/div>\n\t\t\t\t<div class=\"elementor-element elementor-element-fdecab6 elementor-widget elementor-widget-text-editor\" data-id=\"fdecab6\" data-element_type=\"widget\" data-e-type=\"widget\" data-widget_type=\"text-editor.default\">\n\t\t\t\t<div class=\"elementor-widget-container\">\n\t\t\t\t\t\t\t\t\t<p>Eng\u00ba Agr\u00ba, M.Sc., Dr.<br \/>Especialista en semillas de plantas utilizadas como pastos y como cobertura vegetal permanente de las superficies del suelo.<\/p>\t\t\t\t\t\t\t\t<\/div>\n\t\t\t\t<\/div>\n\t\t\t\t<div class=\"elementor-element elementor-element-d5ffcd1 elementor-widget-divider--view-line elementor-widget elementor-widget-divider\" data-id=\"d5ffcd1\" data-element_type=\"widget\" data-e-type=\"widget\" data-widget_type=\"divider.default\">\n\t\t\t\t<div class=\"elementor-widget-container\">\n\t\t\t\t\t\t\t<div class=\"elementor-divider\">\n\t\t\t<span class=\"elementor-divider-separator\">\n\t\t\t\t\t\t<\/span>\n\t\t<\/div>\n\t\t\t\t\t\t<\/div>\n\t\t\t\t<\/div>\n\t\t\t\t<div class=\"elementor-element elementor-element-459db3f elementor-widget elementor-widget-heading\" data-id=\"459db3f\" data-element_type=\"widget\" data-e-type=\"widget\" data-widget_type=\"heading.default\">\n\t\t\t\t<div class=\"elementor-widget-container\">\n\t\t\t\t\t<h4 class=\"elementor-heading-title elementor-size-default\">Contacto<\/h4>\t\t\t\t<\/div>\n\t\t\t\t<\/div>\n\t\t\t\t<div class=\"elementor-element elementor-element-12897aa elementor-align-center elementor-icon-list--layout-traditional elementor-list-item-link-full_width elementor-widget elementor-widget-icon-list\" data-id=\"12897aa\" data-element_type=\"widget\" data-e-type=\"widget\" data-widget_type=\"icon-list.default\">\n\t\t\t\t<div class=\"elementor-widget-container\">\n\t\t\t\t\t\t\t<ul class=\"elementor-icon-list-items\">\n\t\t\t\t\t\t\t<li class=\"elementor-icon-list-item\">\n\t\t\t\t\t\t\t\t\t\t\t<span class=\"elementor-icon-list-icon\">\n\t\t\t\t\t\t\t<i aria-hidden=\"true\" class=\"far fa-envelope\"><\/i>\t\t\t\t\t\t<\/span>\n\t\t\t\t\t\t\t\t\t\t<span class=\"elementor-icon-list-text\">progreseed@gmail.com<\/span>\n\t\t\t\t\t\t\t\t\t<\/li>\n\t\t\t\t\t\t\t\t<li class=\"elementor-icon-list-item\">\n\t\t\t\t\t\t\t\t\t\t\t<span class=\"elementor-icon-list-icon\">\n\t\t\t\t\t\t\t<i aria-hidden=\"true\" class=\"fas fa-phone-alt\"><\/i>\t\t\t\t\t\t<\/span>\n\t\t\t\t\t\t\t\t\t\t<span class=\"elementor-icon-list-text\">+55 16-99784-9807<\/span>\n\t\t\t\t\t\t\t\t\t<\/li>\n\t\t\t\t\t\t<\/ul>\n\t\t\t\t\t\t<\/div>\n\t\t\t\t<\/div>\n\t\t\t\t\t<\/div>\n\t\t<\/div>\n\t\t\t\t\t<\/div>\n\t\t<\/section>\n\t\t\t\t\t<\/div>\n\t\t<\/div>\n\t\t\t\t\t<\/div>\n\t\t<\/section>\n\t\t\t\t<\/div>","protected":false},"excerpt":{"rendered":"<p>Quem sou Meu nome \u00e9 Francisco H. D\u00fcbbern de Souza. Graduei-me em Engenharia Agron\u00f4mica no ano de 1974 pela Escola Superior de Agricultura Luiz de Queir\u00f3z\/Universidade de S\u00e3o Paulo em Piracicaba (SP), obtive t\u00edtulo de Master of Science in Crop Science em 1977 na Oregon State University em Corvallis (OR), Estados Unidos da Am\u00e9rica e [&hellip;]<\/p>\n","protected":false},"author":1,"featured_media":0,"parent":0,"menu_order":0,"comment_status":"closed","ping_status":"closed","template":"","meta":{"_editorskit_title_hidden":false,"_editorskit_reading_time":0,"_editorskit_is_block_options_detached":false,"_editorskit_block_options_position":"{}","footnotes":""},"class_list":["post-15","page","type-page","status-publish","hentry"],"yoast_head":"<!-- This site is optimized with the Yoast SEO plugin v27.4 - https:\/\/yoast.com\/product\/yoast-seo-wordpress\/ -->\n<title>quem sou - Progreseed<\/title>\n<meta name=\"robots\" content=\"index, follow, max-snippet:-1, max-image-preview:large, max-video-preview:-1\" \/>\n<link rel=\"canonical\" href=\"https:\/\/progreseed.com.br\/es\/quem-sou\/\" \/>\n<meta property=\"og:locale\" content=\"es_ES\" \/>\n<meta property=\"og:type\" content=\"article\" \/>\n<meta property=\"og:title\" content=\"quem sou - Progreseed\" \/>\n<meta property=\"og:description\" content=\"Quem sou Meu nome \u00e9 Francisco H. D\u00fcbbern de Souza. Graduei-me em Engenharia Agron\u00f4mica no ano de 1974 pela Escola Superior de Agricultura Luiz de Queir\u00f3z\/Universidade de S\u00e3o Paulo em Piracicaba (SP), obtive t\u00edtulo de Master of Science in Crop Science em 1977 na Oregon State University em Corvallis (OR), Estados Unidos da Am\u00e9rica e [&hellip;]\" \/>\n<meta property=\"og:url\" content=\"https:\/\/progreseed.com.br\/es\/quem-sou\/\" \/>\n<meta property=\"og:site_name\" content=\"Progreseed\" \/>\n<meta property=\"article:modified_time\" content=\"2020-06-17T15:05:30+00:00\" \/>\n<meta property=\"og:image\" content=\"https:\/\/progreseed.com.br\/wp-content\/uploads\/2020\/05\/FOTO-3-e1590679518846.jpg\" \/>\n<meta name=\"twitter:card\" content=\"summary_large_image\" \/>\n<meta name=\"twitter:label1\" content=\"Tiempo de lectura\" \/>\n\t<meta name=\"twitter:data1\" content=\"2 minutos\" \/>\n<script type=\"application\/ld+json\" class=\"yoast-schema-graph\">{\"@context\":\"https:\\\/\\\/schema.org\",\"@graph\":[{\"@type\":\"WebPage\",\"@id\":\"https:\\\/\\\/progreseed.com.br\\\/quem-sou\\\/\",\"url\":\"https:\\\/\\\/progreseed.com.br\\\/quem-sou\\\/\",\"name\":\"quem sou - Progreseed\",\"isPartOf\":{\"@id\":\"https:\\\/\\\/progreseed.com.br\\\/#website\"},\"primaryImageOfPage\":{\"@id\":\"https:\\\/\\\/progreseed.com.br\\\/quem-sou\\\/#primaryimage\"},\"image\":{\"@id\":\"https:\\\/\\\/progreseed.com.br\\\/quem-sou\\\/#primaryimage\"},\"thumbnailUrl\":\"https:\\\/\\\/progreseed.com.br\\\/wp-content\\\/uploads\\\/2020\\\/05\\\/FOTO-3-e1590679518846.jpg\",\"datePublished\":\"2020-05-22T17:32:42+00:00\",\"dateModified\":\"2020-06-17T15:05:30+00:00\",\"breadcrumb\":{\"@id\":\"https:\\\/\\\/progreseed.com.br\\\/quem-sou\\\/#breadcrumb\"},\"inLanguage\":\"es\",\"potentialAction\":[{\"@type\":\"ReadAction\",\"target\":[\"https:\\\/\\\/progreseed.com.br\\\/quem-sou\\\/\"]}]},{\"@type\":\"ImageObject\",\"inLanguage\":\"es\",\"@id\":\"https:\\\/\\\/progreseed.com.br\\\/quem-sou\\\/#primaryimage\",\"url\":\"https:\\\/\\\/progreseed.com.br\\\/wp-content\\\/uploads\\\/2020\\\/05\\\/FOTO-3-e1590679518846.jpg\",\"contentUrl\":\"https:\\\/\\\/progreseed.com.br\\\/wp-content\\\/uploads\\\/2020\\\/05\\\/FOTO-3-e1590679518846.jpg\"},{\"@type\":\"BreadcrumbList\",\"@id\":\"https:\\\/\\\/progreseed.com.br\\\/quem-sou\\\/#breadcrumb\",\"itemListElement\":[{\"@type\":\"ListItem\",\"position\":1,\"name\":\"In\u00edcio\",\"item\":\"https:\\\/\\\/progreseed.com.br\\\/\"},{\"@type\":\"ListItem\",\"position\":2,\"name\":\"quem sou\"}]},{\"@type\":\"WebSite\",\"@id\":\"https:\\\/\\\/progreseed.com.br\\\/#website\",\"url\":\"https:\\\/\\\/progreseed.com.br\\\/\",\"name\":\"Progreseed\",\"description\":\"Progreseed\",\"potentialAction\":[{\"@type\":\"SearchAction\",\"target\":{\"@type\":\"EntryPoint\",\"urlTemplate\":\"https:\\\/\\\/progreseed.com.br\\\/?s={search_term_string}\"},\"query-input\":{\"@type\":\"PropertyValueSpecification\",\"valueRequired\":true,\"valueName\":\"search_term_string\"}}],\"inLanguage\":\"es\"}]}<\/script>\n<!-- \/ Yoast SEO plugin. -->","yoast_head_json":{"title":"quem sou - Progreseed","robots":{"index":"index","follow":"follow","max-snippet":"max-snippet:-1","max-image-preview":"max-image-preview:large","max-video-preview":"max-video-preview:-1"},"canonical":"https:\/\/progreseed.com.br\/es\/quem-sou\/","og_locale":"es_ES","og_type":"article","og_title":"quem sou - Progreseed","og_description":"Quem sou Meu nome \u00e9 Francisco H. D\u00fcbbern de Souza. Graduei-me em Engenharia Agron\u00f4mica no ano de 1974 pela Escola Superior de Agricultura Luiz de Queir\u00f3z\/Universidade de S\u00e3o Paulo em Piracicaba (SP), obtive t\u00edtulo de Master of Science in Crop Science em 1977 na Oregon State University em Corvallis (OR), Estados Unidos da Am\u00e9rica e [&hellip;]","og_url":"https:\/\/progreseed.com.br\/es\/quem-sou\/","og_site_name":"Progreseed","article_modified_time":"2020-06-17T15:05:30+00:00","og_image":[{"url":"https:\/\/progreseed.com.br\/wp-content\/uploads\/2020\/05\/FOTO-3-e1590679518846.jpg","type":"","width":"","height":""}],"twitter_card":"summary_large_image","twitter_misc":{"Tiempo de lectura":"2 minutos"},"schema":{"@context":"https:\/\/schema.org","@graph":[{"@type":"WebPage","@id":"https:\/\/progreseed.com.br\/quem-sou\/","url":"https:\/\/progreseed.com.br\/quem-sou\/","name":"quem sou - Progreseed","isPartOf":{"@id":"https:\/\/progreseed.com.br\/#website"},"primaryImageOfPage":{"@id":"https:\/\/progreseed.com.br\/quem-sou\/#primaryimage"},"image":{"@id":"https:\/\/progreseed.com.br\/quem-sou\/#primaryimage"},"thumbnailUrl":"https:\/\/progreseed.com.br\/wp-content\/uploads\/2020\/05\/FOTO-3-e1590679518846.jpg","datePublished":"2020-05-22T17:32:42+00:00","dateModified":"2020-06-17T15:05:30+00:00","breadcrumb":{"@id":"https:\/\/progreseed.com.br\/quem-sou\/#breadcrumb"},"inLanguage":"es","potentialAction":[{"@type":"ReadAction","target":["https:\/\/progreseed.com.br\/quem-sou\/"]}]},{"@type":"ImageObject","inLanguage":"es","@id":"https:\/\/progreseed.com.br\/quem-sou\/#primaryimage","url":"https:\/\/progreseed.com.br\/wp-content\/uploads\/2020\/05\/FOTO-3-e1590679518846.jpg","contentUrl":"https:\/\/progreseed.com.br\/wp-content\/uploads\/2020\/05\/FOTO-3-e1590679518846.jpg"},{"@type":"BreadcrumbList","@id":"https:\/\/progreseed.com.br\/quem-sou\/#breadcrumb","itemListElement":[{"@type":"ListItem","position":1,"name":"In\u00edcio","item":"https:\/\/progreseed.com.br\/"},{"@type":"ListItem","position":2,"name":"quem sou"}]},{"@type":"WebSite","@id":"https:\/\/progreseed.com.br\/#website","url":"https:\/\/progreseed.com.br\/","name":"Progreseed","description":"Progreseed","potentialAction":[{"@type":"SearchAction","target":{"@type":"EntryPoint","urlTemplate":"https:\/\/progreseed.com.br\/?s={search_term_string}"},"query-input":{"@type":"PropertyValueSpecification","valueRequired":true,"valueName":"search_term_string"}}],"inLanguage":"es"}]}},"_links":{"self":[{"href":"https:\/\/progreseed.com.br\/es\/wp-json\/wp\/v2\/pages\/15","targetHints":{"allow":["GET"]}}],"collection":[{"href":"https:\/\/progreseed.com.br\/es\/wp-json\/wp\/v2\/pages"}],"about":[{"href":"https:\/\/progreseed.com.br\/es\/wp-json\/wp\/v2\/types\/page"}],"author":[{"embeddable":true,"href":"https:\/\/progreseed.com.br\/es\/wp-json\/wp\/v2\/users\/1"}],"replies":[{"embeddable":true,"href":"https:\/\/progreseed.com.br\/es\/wp-json\/wp\/v2\/comments?post=15"}],"version-history":[{"count":26,"href":"https:\/\/progreseed.com.br\/es\/wp-json\/wp\/v2\/pages\/15\/revisions"}],"predecessor-version":[{"id":501,"href":"https:\/\/progreseed.com.br\/es\/wp-json\/wp\/v2\/pages\/15\/revisions\/501"}],"wp:attachment":[{"href":"https:\/\/progreseed.com.br\/es\/wp-json\/wp\/v2\/media?parent=15"}],"curies":[{"name":"wp","href":"https:\/\/api.w.org\/{rel}","templated":true}]}}