{"id":13,"date":"2020-05-22T17:32:18","date_gmt":"2020-05-22T17:32:18","guid":{"rendered":"https:\/\/progreseed.com.br\/?page_id=13"},"modified":"2020-07-07T21:13:42","modified_gmt":"2020-07-07T21:13:42","slug":"boas-vindas","status":"publish","type":"page","link":"https:\/\/progreseed.com.br\/es\/boas-vindas\/","title":{"rendered":"bienvenida"},"content":{"rendered":"<div data-elementor-type=\"wp-page\" data-elementor-id=\"13\" class=\"elementor elementor-13\" data-elementor-post-type=\"page\">\n\t\t\t\t\t\t<section class=\"elementor-section elementor-top-section elementor-element elementor-element-55fb411f elementor-section-height-min-height elementor-section-boxed elementor-section-height-default elementor-section-items-middle\" data-id=\"55fb411f\" data-element_type=\"section\" data-e-type=\"section\" data-settings=\"{&quot;background_background&quot;:&quot;classic&quot;}\">\n\t\t\t\t\t\t\t<div class=\"elementor-background-overlay\"><\/div>\n\t\t\t\t\t\t\t<div class=\"elementor-container elementor-column-gap-default\">\n\t\t\t\t\t<div class=\"elementor-column elementor-col-33 elementor-top-column elementor-element elementor-element-52e850f5\" data-id=\"52e850f5\" data-element_type=\"column\" data-e-type=\"column\">\n\t\t\t<div class=\"elementor-widget-wrap elementor-element-populated\">\n\t\t\t\t\t\t<div class=\"elementor-element elementor-element-667b22cb elementor-widget-divider--view-line elementor-widget elementor-widget-divider\" data-id=\"667b22cb\" data-element_type=\"widget\" data-e-type=\"widget\" data-widget_type=\"divider.default\">\n\t\t\t\t<div class=\"elementor-widget-container\">\n\t\t\t\t\t\t\t<div class=\"elementor-divider\">\n\t\t\t<span class=\"elementor-divider-separator\">\n\t\t\t\t\t\t<\/span>\n\t\t<\/div>\n\t\t\t\t\t\t<\/div>\n\t\t\t\t<\/div>\n\t\t\t\t\t<\/div>\n\t\t<\/div>\n\t\t\t\t<div class=\"elementor-column elementor-col-33 elementor-top-column elementor-element elementor-element-552505d1\" data-id=\"552505d1\" data-element_type=\"column\" data-e-type=\"column\">\n\t\t\t<div class=\"elementor-widget-wrap elementor-element-populated\">\n\t\t\t\t\t\t<div class=\"elementor-element elementor-element-5e231990 elementor-widget elementor-widget-heading\" data-id=\"5e231990\" data-element_type=\"widget\" data-e-type=\"widget\" data-widget_type=\"heading.default\">\n\t\t\t\t<div class=\"elementor-widget-container\">\n\t\t\t\t\t<h2 class=\"elementor-heading-title elementor-size-default\">Bienvenida<\/h2>\t\t\t\t<\/div>\n\t\t\t\t<\/div>\n\t\t\t\t\t<\/div>\n\t\t<\/div>\n\t\t\t\t<div class=\"elementor-column elementor-col-33 elementor-top-column elementor-element elementor-element-3797ea4b\" data-id=\"3797ea4b\" data-element_type=\"column\" data-e-type=\"column\">\n\t\t\t<div class=\"elementor-widget-wrap elementor-element-populated\">\n\t\t\t\t\t\t<div class=\"elementor-element elementor-element-7ea4699d elementor-widget-divider--view-line elementor-widget elementor-widget-divider\" data-id=\"7ea4699d\" data-element_type=\"widget\" data-e-type=\"widget\" data-widget_type=\"divider.default\">\n\t\t\t\t<div class=\"elementor-widget-container\">\n\t\t\t\t\t\t\t<div class=\"elementor-divider\">\n\t\t\t<span class=\"elementor-divider-separator\">\n\t\t\t\t\t\t<\/span>\n\t\t<\/div>\n\t\t\t\t\t\t<\/div>\n\t\t\t\t<\/div>\n\t\t\t\t\t<\/div>\n\t\t<\/div>\n\t\t\t\t\t<\/div>\n\t\t<\/section>\n\t\t\t\t<section class=\"elementor-section elementor-top-section elementor-element elementor-element-90eebb3 elementor-section-boxed elementor-section-height-default elementor-section-height-default elementor-invisible\" data-id=\"90eebb3\" data-element_type=\"section\" data-e-type=\"section\" data-settings=\"{&quot;animation&quot;:&quot;fadeIn&quot;}\">\n\t\t\t\t\t\t<div class=\"elementor-container elementor-column-gap-default\">\n\t\t\t\t\t<div class=\"elementor-column elementor-col-100 elementor-top-column elementor-element elementor-element-d96f09c\" data-id=\"d96f09c\" data-element_type=\"column\" data-e-type=\"column\">\n\t\t\t<div class=\"elementor-widget-wrap elementor-element-populated\">\n\t\t\t\t\t\t<div class=\"elementor-element elementor-element-83391f9 elementor-widget elementor-widget-text-editor\" data-id=\"83391f9\" data-element_type=\"widget\" data-e-type=\"widget\" data-widget_type=\"text-editor.default\">\n\t\t\t\t<div class=\"elementor-widget-container\">\n\t\t\t\t\t\t\t\t\t<p>Estimado(a) visitante,<br>En este sitio web encontrar\u00e1s sugerencias de t\u00e9cnicas para la formaci\u00f3n de pastizales y para la producci\u00f3n de semillas de plantas utilizadas para estes prop\u00f3sitos. Estas sugerencias se basan en interpretaciones de los conocimientos disponibles en literatura especializada y en la experiencia profesional acumulada por m\u00ed en las d\u00e9cadas que trabaj\u00e9 como investigador cient\u00edfico en la Empresa Brasile\u00f1a de Investigaci\u00f3n Agropecuaria (EMBRAPA).<br>Comprender \"c\u00f3mo\" y \"por qu\u00e9\" suceden ciertas cosas puede hacer que el camino hacia el \u00e9xito sea m\u00e1s seguro. La intenci\u00f3n aqu\u00ed no es recomendar o proponer soluciones definitivas o absolutas, sino contribuir de una forma tan bien fundada cuanto posible para que encuentres la mejor alternativa para resolver sus dudas o problemas.<\/p>\t\t\t\t\t\t\t\t<\/div>\n\t\t\t\t<\/div>\n\t\t\t\t\t<\/div>\n\t\t<\/div>\n\t\t\t\t\t<\/div>\n\t\t<\/section>\n\t\t\t\t<\/div>","protected":false},"excerpt":{"rendered":"<p>Boas vindas Caro visitante, Neste s\u00edtio web voc\u00ea encontrar\u00e1 sugest\u00f5es de t\u00e9cnicas para a forma\u00e7\u00e3o de pastagens e para a produ\u00e7\u00e3o de sementes de plantas usadas para esse fim. Essas sugest\u00f5es s\u00e3o baseadas em interpreta\u00e7\u00f5es de conhecimentos dispon\u00edveis na literatura especializada e na experi\u00eancia profissional acumulada por mim nas d\u00e9cadas que trabalhei como Pesquisador Cient\u00edfico [&hellip;]<\/p>\n","protected":false},"author":1,"featured_media":0,"parent":0,"menu_order":0,"comment_status":"closed","ping_status":"closed","template":"","meta":{"_editorskit_title_hidden":false,"_editorskit_reading_time":0,"_editorskit_is_block_options_detached":false,"_editorskit_block_options_position":"{}","footnotes":""},"class_list":["post-13","page","type-page","status-publish","hentry"],"yoast_head":"<!-- This site is optimized with the Yoast SEO plugin v27.4 - https:\/\/yoast.com\/product\/yoast-seo-wordpress\/ -->\n<title>boas vindas - Progreseed<\/title>\n<meta name=\"robots\" content=\"index, follow, max-snippet:-1, max-image-preview:large, max-video-preview:-1\" \/>\n<link rel=\"canonical\" href=\"https:\/\/progreseed.com.br\/es\/boas-vindas\/\" \/>\n<meta property=\"og:locale\" content=\"es_ES\" \/>\n<meta property=\"og:type\" content=\"article\" \/>\n<meta property=\"og:title\" content=\"boas vindas - Progreseed\" \/>\n<meta property=\"og:description\" content=\"Boas vindas Caro visitante, Neste s\u00edtio web voc\u00ea encontrar\u00e1 sugest\u00f5es de t\u00e9cnicas para a forma\u00e7\u00e3o de pastagens e para a produ\u00e7\u00e3o de sementes de plantas usadas para esse fim. Essas sugest\u00f5es s\u00e3o baseadas em interpreta\u00e7\u00f5es de conhecimentos dispon\u00edveis na literatura especializada e na experi\u00eancia profissional acumulada por mim nas d\u00e9cadas que trabalhei como Pesquisador Cient\u00edfico [&hellip;]\" \/>\n<meta property=\"og:url\" content=\"https:\/\/progreseed.com.br\/es\/boas-vindas\/\" \/>\n<meta property=\"og:site_name\" content=\"Progreseed\" \/>\n<meta property=\"article:modified_time\" content=\"2020-07-07T21:13:42+00:00\" \/>\n<meta name=\"twitter:card\" content=\"summary_large_image\" \/>\n<meta name=\"twitter:label1\" content=\"Tiempo de lectura\" \/>\n\t<meta name=\"twitter:data1\" content=\"1 minuto\" \/>\n<script type=\"application\/ld+json\" class=\"yoast-schema-graph\">{\"@context\":\"https:\\\/\\\/schema.org\",\"@graph\":[{\"@type\":\"WebPage\",\"@id\":\"https:\\\/\\\/progreseed.com.br\\\/boas-vindas\\\/\",\"url\":\"https:\\\/\\\/progreseed.com.br\\\/boas-vindas\\\/\",\"name\":\"boas vindas - Progreseed\",\"isPartOf\":{\"@id\":\"https:\\\/\\\/progreseed.com.br\\\/#website\"},\"datePublished\":\"2020-05-22T17:32:18+00:00\",\"dateModified\":\"2020-07-07T21:13:42+00:00\",\"breadcrumb\":{\"@id\":\"https:\\\/\\\/progreseed.com.br\\\/boas-vindas\\\/#breadcrumb\"},\"inLanguage\":\"es\",\"potentialAction\":[{\"@type\":\"ReadAction\",\"target\":[\"https:\\\/\\\/progreseed.com.br\\\/boas-vindas\\\/\"]}]},{\"@type\":\"BreadcrumbList\",\"@id\":\"https:\\\/\\\/progreseed.com.br\\\/boas-vindas\\\/#breadcrumb\",\"itemListElement\":[{\"@type\":\"ListItem\",\"position\":1,\"name\":\"In\u00edcio\",\"item\":\"https:\\\/\\\/progreseed.com.br\\\/\"},{\"@type\":\"ListItem\",\"position\":2,\"name\":\"boas vindas\"}]},{\"@type\":\"WebSite\",\"@id\":\"https:\\\/\\\/progreseed.com.br\\\/#website\",\"url\":\"https:\\\/\\\/progreseed.com.br\\\/\",\"name\":\"Progreseed\",\"description\":\"Progreseed\",\"potentialAction\":[{\"@type\":\"SearchAction\",\"target\":{\"@type\":\"EntryPoint\",\"urlTemplate\":\"https:\\\/\\\/progreseed.com.br\\\/?s={search_term_string}\"},\"query-input\":{\"@type\":\"PropertyValueSpecification\",\"valueRequired\":true,\"valueName\":\"search_term_string\"}}],\"inLanguage\":\"es\"}]}<\/script>\n<!-- \/ Yoast SEO plugin. -->","yoast_head_json":{"title":"boas vindas - Progreseed","robots":{"index":"index","follow":"follow","max-snippet":"max-snippet:-1","max-image-preview":"max-image-preview:large","max-video-preview":"max-video-preview:-1"},"canonical":"https:\/\/progreseed.com.br\/es\/boas-vindas\/","og_locale":"es_ES","og_type":"article","og_title":"boas vindas - Progreseed","og_description":"Boas vindas Caro visitante, Neste s\u00edtio web voc\u00ea encontrar\u00e1 sugest\u00f5es de t\u00e9cnicas para a forma\u00e7\u00e3o de pastagens e para a produ\u00e7\u00e3o de sementes de plantas usadas para esse fim. Essas sugest\u00f5es s\u00e3o baseadas em interpreta\u00e7\u00f5es de conhecimentos dispon\u00edveis na literatura especializada e na experi\u00eancia profissional acumulada por mim nas d\u00e9cadas que trabalhei como Pesquisador Cient\u00edfico [&hellip;]","og_url":"https:\/\/progreseed.com.br\/es\/boas-vindas\/","og_site_name":"Progreseed","article_modified_time":"2020-07-07T21:13:42+00:00","twitter_card":"summary_large_image","twitter_misc":{"Tiempo de lectura":"1 minuto"},"schema":{"@context":"https:\/\/schema.org","@graph":[{"@type":"WebPage","@id":"https:\/\/progreseed.com.br\/boas-vindas\/","url":"https:\/\/progreseed.com.br\/boas-vindas\/","name":"boas vindas - Progreseed","isPartOf":{"@id":"https:\/\/progreseed.com.br\/#website"},"datePublished":"2020-05-22T17:32:18+00:00","dateModified":"2020-07-07T21:13:42+00:00","breadcrumb":{"@id":"https:\/\/progreseed.com.br\/boas-vindas\/#breadcrumb"},"inLanguage":"es","potentialAction":[{"@type":"ReadAction","target":["https:\/\/progreseed.com.br\/boas-vindas\/"]}]},{"@type":"BreadcrumbList","@id":"https:\/\/progreseed.com.br\/boas-vindas\/#breadcrumb","itemListElement":[{"@type":"ListItem","position":1,"name":"In\u00edcio","item":"https:\/\/progreseed.com.br\/"},{"@type":"ListItem","position":2,"name":"boas vindas"}]},{"@type":"WebSite","@id":"https:\/\/progreseed.com.br\/#website","url":"https:\/\/progreseed.com.br\/","name":"Progreseed","description":"Progreseed","potentialAction":[{"@type":"SearchAction","target":{"@type":"EntryPoint","urlTemplate":"https:\/\/progreseed.com.br\/?s={search_term_string}"},"query-input":{"@type":"PropertyValueSpecification","valueRequired":true,"valueName":"search_term_string"}}],"inLanguage":"es"}]}},"_links":{"self":[{"href":"https:\/\/progreseed.com.br\/es\/wp-json\/wp\/v2\/pages\/13","targetHints":{"allow":["GET"]}}],"collection":[{"href":"https:\/\/progreseed.com.br\/es\/wp-json\/wp\/v2\/pages"}],"about":[{"href":"https:\/\/progreseed.com.br\/es\/wp-json\/wp\/v2\/types\/page"}],"author":[{"embeddable":true,"href":"https:\/\/progreseed.com.br\/es\/wp-json\/wp\/v2\/users\/1"}],"replies":[{"embeddable":true,"href":"https:\/\/progreseed.com.br\/es\/wp-json\/wp\/v2\/comments?post=13"}],"version-history":[{"count":8,"href":"https:\/\/progreseed.com.br\/es\/wp-json\/wp\/v2\/pages\/13\/revisions"}],"predecessor-version":[{"id":580,"href":"https:\/\/progreseed.com.br\/es\/wp-json\/wp\/v2\/pages\/13\/revisions\/580"}],"wp:attachment":[{"href":"https:\/\/progreseed.com.br\/es\/wp-json\/wp\/v2\/media?parent=13"}],"curies":[{"name":"wp","href":"https:\/\/api.w.org\/{rel}","templated":true}]}}